{"id":9,"date":"2023-03-20T18:05:50","date_gmt":"2023-03-20T10:05:50","guid":{"rendered":"http:\/\/wastonchem.com\/?page_id=9"},"modified":"2023-10-17T13:56:17","modified_gmt":"2023-10-17T05:56:17","slug":"production-process","status":"publish","type":"page","link":"https:\/\/wastonchem.com\/fr\/processus-de-production\/","title":{"rendered":"Gestion de la qualit\u00e9"},"content":{"rendered":"<div data-elementor-type=\"wp-page\" data-elementor-id=\"9\" class=\"elementor elementor-9\" data-elementor-post-type=\"page\">\n\t\t\t\t\t\t<section class=\"elementor-section elementor-top-section elementor-element elementor-element-3292493 elementor-section-boxed elementor-section-height-default elementor-section-height-default\" data-id=\"3292493\" data-element_type=\"section\" data-e-type=\"section\" data-settings=\"{&quot;background_background&quot;:&quot;classic&quot;}\">\n\t\t\t\t\t\t<div class=\"elementor-container elementor-column-gap-default\">\n\t\t\t\t\t<div class=\"elementor-column elementor-col-100 elementor-top-column elementor-element elementor-element-226b420\" data-id=\"226b420\" data-element_type=\"column\" data-e-type=\"column\">\n\t\t\t<div class=\"elementor-widget-wrap elementor-element-populated\">\n\t\t\t\t\t\t<section class=\"elementor-section elementor-inner-section elementor-element elementor-element-8812e31 elementor-section-boxed elementor-section-height-default elementor-section-height-default\" data-id=\"8812e31\" data-element_type=\"section\" data-e-type=\"section\">\n\t\t\t\t\t\t<div class=\"elementor-container elementor-column-gap-default\">\n\t\t\t\t\t<div class=\"elementor-column elementor-col-50 elementor-inner-column elementor-element elementor-element-c3c24da\" data-id=\"c3c24da\" data-element_type=\"column\" data-e-type=\"column\">\n\t\t\t<div class=\"elementor-widget-wrap elementor-element-populated\">\n\t\t\t\t\t\t<div class=\"elementor-element elementor-element-2054734 elementor-widget elementor-widget-heading\" data-id=\"2054734\" data-element_type=\"widget\" data-e-type=\"widget\" data-widget_type=\"heading.default\">\n\t\t\t\t<div class=\"elementor-widget-container\">\n\t\t\t\t\t<h2 class=\"elementor-heading-title elementor-size-default\">Inspection du processus de production, contr\u00f4le de la qualit\u00e9<\/h2>\t\t\t\t<\/div>\n\t\t\t\t<\/div>\n\t\t\t\t\t<\/div>\n\t\t<\/div>\n\t\t\t\t<div class=\"elementor-column elementor-col-50 elementor-inner-column elementor-element elementor-element-0cf12aa\" data-id=\"0cf12aa\" data-element_type=\"column\" data-e-type=\"column\">\n\t\t\t<div class=\"elementor-widget-wrap elementor-element-populated\">\n\t\t\t\t\t\t<div class=\"elementor-element elementor-element-cdccf81 elementor-widget elementor-widget-text-editor\" data-id=\"cdccf81\" data-element_type=\"widget\" data-e-type=\"widget\" data-widget_type=\"text-editor.default\">\n\t\t\t\t<div class=\"elementor-widget-container\">\n\t\t\t\t\t\t\t\t\t<p>Waston Chem dispose d'un concept avanc\u00e9 de gestion de la qualit\u00e9, s'efforce de mettre en place un excellent syst\u00e8me de contr\u00f4le de la qualit\u00e9, met en \u0153uvre le syst\u00e8me de gestion globale TQM \u00e0 partir de IQC, PQC et FQC\/OQC, et s'appuie sur l'introduction et l'accumulation de technologies de recherche et de d\u00e9veloppement et de production.\u00a0<\/p>\t\t\t\t\t\t\t\t<\/div>\n\t\t\t\t<\/div>\n\t\t\t\t<div class=\"elementor-element elementor-element-1cff8d9 elementor-widget elementor-widget-text-editor\" data-id=\"1cff8d9\" data-element_type=\"widget\" data-e-type=\"widget\" data-widget_type=\"text-editor.default\">\n\t\t\t\t<div class=\"elementor-widget-container\">\n\t\t\t\t\t\t\t\t\t<p>Toutes les usines ont obtenu la certification du syst\u00e8me de gestion de la qualit\u00e9 ISO9001:2015.<\/p>\t\t\t\t\t\t\t\t<\/div>\n\t\t\t\t<\/div>\n\t\t\t\t\t<\/div>\n\t\t<\/div>\n\t\t\t\t\t<\/div>\n\t\t<\/section>\n\t\t\t\t<section class=\"elementor-section elementor-inner-section elementor-element elementor-element-cfeb2de elementor-section-height-min-height elementor-section-boxed elementor-section-height-default\" data-id=\"cfeb2de\" data-element_type=\"section\" data-e-type=\"section\">\n\t\t\t\t\t\t<div class=\"elementor-container elementor-column-gap-default\">\n\t\t\t\t\t<div class=\"elementor-column elementor-col-100 elementor-inner-column elementor-element elementor-element-ebe3707\" data-id=\"ebe3707\" data-element_type=\"column\" data-e-type=\"column\">\n\t\t\t<div class=\"elementor-widget-wrap elementor-element-populated\">\n\t\t\t\t\t\t<div class=\"elementor-element elementor-element-b66959b elementor-widget elementor-widget-image\" data-id=\"b66959b\" data-element_type=\"widget\" data-e-type=\"widget\" data-widget_type=\"image.default\">\n\t\t\t\t<div class=\"elementor-widget-container\">\n\t\t\t\t\t\t\t\t\t\t\t\t\t\t\t<img fetchpriority=\"high\" decoding=\"async\" width=\"1300\" height=\"493\" src=\"https:\/\/wastonchem.com\/wp-content\/uploads\/2023\/03\/\u8499\u7248\u7ec4-262.png\" class=\"attachment-full size-full wp-image-389\" alt=\"\" srcset=\"https:\/\/wastonchem.com\/wp-content\/uploads\/2023\/03\/\u8499\u7248\u7ec4-262.png 1300w, https:\/\/wastonchem.com\/wp-content\/uploads\/2023\/03\/\u8499\u7248\u7ec4-262-300x114.png 300w, https:\/\/wastonchem.com\/wp-content\/uploads\/2023\/03\/\u8499\u7248\u7ec4-262-1024x388.png 1024w, https:\/\/wastonchem.com\/wp-content\/uploads\/2023\/03\/\u8499\u7248\u7ec4-262-768x291.png 768w\" sizes=\"(max-width: 1300px) 100vw, 1300px\" \/>\t\t\t\t\t\t\t\t\t\t\t\t\t\t\t<\/div>\n\t\t\t\t<\/div>\n\t\t\t\t\t<\/div>\n\t\t<\/div>\n\t\t\t\t\t<\/div>\n\t\t<\/section>\n\t\t\t\t\t<\/div>\n\t\t<\/div>\n\t\t\t\t\t<\/div>\n\t\t<\/section>\n\t\t\t\t<section class=\"elementor-section elementor-top-section elementor-element elementor-element-8018e8f elementor-section-height-min-height elementor-section-boxed elementor-section-height-default elementor-section-items-middle\" data-id=\"8018e8f\" data-element_type=\"section\" data-e-type=\"section\" data-settings=\"{&quot;background_background&quot;:&quot;classic&quot;}\">\n\t\t\t\t\t\t<div class=\"elementor-container elementor-column-gap-default\">\n\t\t\t\t\t<div class=\"elementor-column elementor-col-100 elementor-top-column elementor-element elementor-element-3a0cfad\" data-id=\"3a0cfad\" data-element_type=\"column\" data-e-type=\"column\">\n\t\t\t<div class=\"elementor-widget-wrap elementor-element-populated\">\n\t\t\t\t\t\t<section class=\"elementor-section elementor-inner-section elementor-element elementor-element-75ec1b3 elementor-section-boxed elementor-section-height-default elementor-section-height-default\" data-id=\"75ec1b3\" data-element_type=\"section\" data-e-type=\"section\">\n\t\t\t\t\t\t<div class=\"elementor-container elementor-column-gap-default\">\n\t\t\t\t\t<div class=\"elementor-column elementor-col-100 elementor-inner-column elementor-element elementor-element-d853e3f\" data-id=\"d853e3f\" data-element_type=\"column\" data-e-type=\"column\">\n\t\t\t<div class=\"elementor-widget-wrap elementor-element-populated\">\n\t\t\t\t\t\t<div class=\"elementor-element elementor-element-5c41d5b elementor-widget elementor-widget-heading\" data-id=\"5c41d5b\" data-element_type=\"widget\" data-e-type=\"widget\" data-widget_type=\"heading.default\">\n\t\t\t\t<div class=\"elementor-widget-container\">\n\t\t\t\t\t<h2 class=\"elementor-heading-title elementor-size-default\">Pr\u00e9sentation de l'\u00e9quipement\n<\/h2>\t\t\t\t<\/div>\n\t\t\t\t<\/div>\n\t\t\t\t\t<\/div>\n\t\t<\/div>\n\t\t\t\t\t<\/div>\n\t\t<\/section>\n\t\t\t\t<section class=\"elementor-section elementor-inner-section elementor-element elementor-element-a6bd50d elementor-section-boxed elementor-section-height-default elementor-section-height-default\" data-id=\"a6bd50d\" data-element_type=\"section\" data-e-type=\"section\">\n\t\t\t\t\t\t<div class=\"elementor-container elementor-column-gap-default\">\n\t\t\t\t\t<div class=\"elementor-column elementor-col-50 elementor-inner-column elementor-element elementor-element-3fadc12\" data-id=\"3fadc12\" data-element_type=\"column\" data-e-type=\"column\">\n\t\t\t<div class=\"elementor-widget-wrap elementor-element-populated\">\n\t\t\t\t\t\t<div class=\"elementor-element elementor-element-7ab6d0a elementor-widget elementor-widget-text-editor\" data-id=\"7ab6d0a\" data-element_type=\"widget\" data-e-type=\"widget\" data-widget_type=\"text-editor.default\">\n\t\t\t\t<div class=\"elementor-widget-container\">\n\t\t\t\t\t\t\t\t\t<p>\u00c9quipement analytique : 1 s\u00e9rie de LC-MS, 2 s\u00e9ries de HPLC, 2 s\u00e9ries de GC, 1 s\u00e9rie de GPC, 1 s\u00e9rie de compteur APHA, 1 s\u00e9rie de balance analytique \u00e9lectronique, 1 s\u00e9rie de turbidim\u00e8tre, 2 s\u00e9ries d'humidim\u00e8tre, 1 s\u00e9rie de compteur d'eau ultra-pure, 1 s\u00e9rie de four \u00e0 moufle, 1 s\u00e9rie d'appareil de mesure du point de fusion.<\/p>\t\t\t\t\t\t\t\t<\/div>\n\t\t\t\t<\/div>\n\t\t\t\t\t<\/div>\n\t\t<\/div>\n\t\t\t\t<div class=\"elementor-column elementor-col-50 elementor-inner-column elementor-element elementor-element-04ee741\" data-id=\"04ee741\" data-element_type=\"column\" data-e-type=\"column\">\n\t\t\t<div class=\"elementor-widget-wrap\">\n\t\t\t\t\t\t\t<\/div>\n\t\t<\/div>\n\t\t\t\t\t<\/div>\n\t\t<\/section>\n\t\t\t\t<section class=\"elementor-section elementor-inner-section elementor-element elementor-element-7005fcf elementor-section-boxed elementor-section-height-default elementor-section-height-default\" data-id=\"7005fcf\" data-element_type=\"section\" data-e-type=\"section\">\n\t\t\t\t\t\t<div class=\"elementor-container elementor-column-gap-default\">\n\t\t\t\t\t<div class=\"elementor-column elementor-col-33 elementor-inner-column elementor-element elementor-element-afd0f07\" data-id=\"afd0f07\" data-element_type=\"column\" data-e-type=\"column\">\n\t\t\t<div class=\"elementor-widget-wrap elementor-element-populated\">\n\t\t\t\t\t\t<div class=\"elementor-element elementor-element-1eadcea elementor-widget elementor-widget-image\" data-id=\"1eadcea\" data-element_type=\"widget\" data-e-type=\"widget\" data-widget_type=\"image.default\">\n\t\t\t\t<div class=\"elementor-widget-container\">\n\t\t\t\t\t\t\t\t\t\t\t\t\t\t\t<img decoding=\"async\" width=\"410\" height=\"255\" src=\"https:\/\/wastonchem.com\/wp-content\/uploads\/2023\/03\/\u8499\u7248\u7ec4-267-1.png\" class=\"attachment-large size-large wp-image-24\" alt=\"\" srcset=\"https:\/\/wastonchem.com\/wp-content\/uploads\/2023\/03\/\u8499\u7248\u7ec4-267-1.png 410w, https:\/\/wastonchem.com\/wp-content\/uploads\/2023\/03\/\u8499\u7248\u7ec4-267-1-300x187.png 300w\" sizes=\"(max-width: 410px) 100vw, 410px\" \/>\t\t\t\t\t\t\t\t\t\t\t\t\t\t\t<\/div>\n\t\t\t\t<\/div>\n\t\t\t\t\t<\/div>\n\t\t<\/div>\n\t\t\t\t<div class=\"elementor-column elementor-col-33 elementor-inner-column elementor-element elementor-element-c1dd47a\" data-id=\"c1dd47a\" data-element_type=\"column\" data-e-type=\"column\">\n\t\t\t<div class=\"elementor-widget-wrap elementor-element-populated\">\n\t\t\t\t\t\t<div class=\"elementor-element elementor-element-200b681 elementor-widget elementor-widget-image\" data-id=\"200b681\" data-element_type=\"widget\" data-e-type=\"widget\" data-widget_type=\"image.default\">\n\t\t\t\t<div class=\"elementor-widget-container\">\n\t\t\t\t\t\t\t\t\t\t\t\t\t\t\t<img decoding=\"async\" width=\"409\" height=\"255\" src=\"https:\/\/wastonchem.com\/wp-content\/uploads\/2023\/03\/\u8499\u7248\u7ec4-268-1.png\" class=\"attachment-large size-large wp-image-23\" alt=\"\" srcset=\"https:\/\/wastonchem.com\/wp-content\/uploads\/2023\/03\/\u8499\u7248\u7ec4-268-1.png 409w, https:\/\/wastonchem.com\/wp-content\/uploads\/2023\/03\/\u8499\u7248\u7ec4-268-1-300x187.png 300w\" sizes=\"(max-width: 409px) 100vw, 409px\" \/>\t\t\t\t\t\t\t\t\t\t\t\t\t\t\t<\/div>\n\t\t\t\t<\/div>\n\t\t\t\t\t<\/div>\n\t\t<\/div>\n\t\t\t\t<div class=\"elementor-column elementor-col-33 elementor-inner-column elementor-element elementor-element-cb7e0e2\" data-id=\"cb7e0e2\" data-element_type=\"column\" data-e-type=\"column\">\n\t\t\t<div class=\"elementor-widget-wrap elementor-element-populated\">\n\t\t\t\t\t\t<div class=\"elementor-element elementor-element-2306b81 elementor-widget elementor-widget-image\" data-id=\"2306b81\" data-element_type=\"widget\" data-e-type=\"widget\" data-widget_type=\"image.default\">\n\t\t\t\t<div class=\"elementor-widget-container\">\n\t\t\t\t\t\t\t\t\t\t\t\t\t\t\t<img loading=\"lazy\" decoding=\"async\" width=\"409\" height=\"255\" src=\"https:\/\/wastonchem.com\/wp-content\/uploads\/2023\/03\/\u8499\u7248\u7ec4-269-1.png\" class=\"attachment-large size-large wp-image-21\" alt=\"\" srcset=\"https:\/\/wastonchem.com\/wp-content\/uploads\/2023\/03\/\u8499\u7248\u7ec4-269-1.png 409w, https:\/\/wastonchem.com\/wp-content\/uploads\/2023\/03\/\u8499\u7248\u7ec4-269-1-300x187.png 300w\" sizes=\"(max-width: 409px) 100vw, 409px\" \/>\t\t\t\t\t\t\t\t\t\t\t\t\t\t\t<\/div>\n\t\t\t\t<\/div>\n\t\t\t\t\t<\/div>\n\t\t<\/div>\n\t\t\t\t\t<\/div>\n\t\t<\/section>\n\t\t\t\t<section class=\"elementor-section elementor-inner-section elementor-element elementor-element-8606e41 elementor-section-boxed elementor-section-height-default elementor-section-height-default\" data-id=\"8606e41\" data-element_type=\"section\" data-e-type=\"section\">\n\t\t\t\t\t\t<div class=\"elementor-container elementor-column-gap-default\">\n\t\t\t\t\t<div class=\"elementor-column elementor-col-33 elementor-inner-column elementor-element elementor-element-20c3b01\" data-id=\"20c3b01\" data-element_type=\"column\" data-e-type=\"column\">\n\t\t\t<div class=\"elementor-widget-wrap elementor-element-populated\">\n\t\t\t\t\t\t<div class=\"elementor-element elementor-element-bc9570f elementor-widget elementor-widget-image\" data-id=\"bc9570f\" data-element_type=\"widget\" data-e-type=\"widget\" data-widget_type=\"image.default\">\n\t\t\t\t<div class=\"elementor-widget-container\">\n\t\t\t\t\t\t\t\t\t\t\t\t\t\t\t<img loading=\"lazy\" decoding=\"async\" width=\"410\" height=\"255\" src=\"https:\/\/wastonchem.com\/wp-content\/uploads\/2023\/03\/\u8499\u7248\u7ec4-270-1.png\" class=\"attachment-large size-large wp-image-20\" alt=\"\" srcset=\"https:\/\/wastonchem.com\/wp-content\/uploads\/2023\/03\/\u8499\u7248\u7ec4-270-1.png 410w, https:\/\/wastonchem.com\/wp-content\/uploads\/2023\/03\/\u8499\u7248\u7ec4-270-1-300x187.png 300w\" sizes=\"(max-width: 410px) 100vw, 410px\" \/>\t\t\t\t\t\t\t\t\t\t\t\t\t\t\t<\/div>\n\t\t\t\t<\/div>\n\t\t\t\t\t<\/div>\n\t\t<\/div>\n\t\t\t\t<div class=\"elementor-column elementor-col-33 elementor-inner-column elementor-element elementor-element-3c0d993\" data-id=\"3c0d993\" data-element_type=\"column\" data-e-type=\"column\">\n\t\t\t<div class=\"elementor-widget-wrap elementor-element-populated\">\n\t\t\t\t\t\t<div class=\"elementor-element elementor-element-d75b69b elementor-widget elementor-widget-image\" data-id=\"d75b69b\" data-element_type=\"widget\" data-e-type=\"widget\" data-widget_type=\"image.default\">\n\t\t\t\t<div class=\"elementor-widget-container\">\n\t\t\t\t\t\t\t\t\t\t\t\t\t\t\t<img loading=\"lazy\" decoding=\"async\" width=\"409\" height=\"255\" src=\"https:\/\/wastonchem.com\/wp-content\/uploads\/2023\/03\/\u8499\u7248\u7ec4-271-1.png\" class=\"attachment-large size-large wp-image-19\" alt=\"\" srcset=\"https:\/\/wastonchem.com\/wp-content\/uploads\/2023\/03\/\u8499\u7248\u7ec4-271-1.png 409w, https:\/\/wastonchem.com\/wp-content\/uploads\/2023\/03\/\u8499\u7248\u7ec4-271-1-300x187.png 300w\" sizes=\"(max-width: 409px) 100vw, 409px\" \/>\t\t\t\t\t\t\t\t\t\t\t\t\t\t\t<\/div>\n\t\t\t\t<\/div>\n\t\t\t\t\t<\/div>\n\t\t<\/div>\n\t\t\t\t<div class=\"elementor-column elementor-col-33 elementor-inner-column elementor-element elementor-element-6b73c4e\" data-id=\"6b73c4e\" data-element_type=\"column\" data-e-type=\"column\">\n\t\t\t<div class=\"elementor-widget-wrap elementor-element-populated\">\n\t\t\t\t\t\t<div class=\"elementor-element elementor-element-057cabd elementor-widget elementor-widget-image\" data-id=\"057cabd\" data-element_type=\"widget\" data-e-type=\"widget\" data-widget_type=\"image.default\">\n\t\t\t\t<div class=\"elementor-widget-container\">\n\t\t\t\t\t\t\t\t\t\t\t\t\t\t\t<img loading=\"lazy\" decoding=\"async\" width=\"409\" height=\"255\" src=\"https:\/\/wastonchem.com\/wp-content\/uploads\/2023\/03\/\u8499\u7248\u7ec4-272-1.png\" class=\"attachment-large size-large wp-image-18\" alt=\"\" srcset=\"https:\/\/wastonchem.com\/wp-content\/uploads\/2023\/03\/\u8499\u7248\u7ec4-272-1.png 409w, https:\/\/wastonchem.com\/wp-content\/uploads\/2023\/03\/\u8499\u7248\u7ec4-272-1-300x187.png 300w\" sizes=\"(max-width: 409px) 100vw, 409px\" \/>\t\t\t\t\t\t\t\t\t\t\t\t\t\t\t<\/div>\n\t\t\t\t<\/div>\n\t\t\t\t\t<\/div>\n\t\t<\/div>\n\t\t\t\t\t<\/div>\n\t\t<\/section>\n\t\t\t\t\t<\/div>\n\t\t<\/div>\n\t\t\t\t\t<\/div>\n\t\t<\/section>\n\t\t\t\t<section class=\"elementor-section elementor-top-section elementor-element elementor-element-40146e7 elementor-section-boxed elementor-section-height-default elementor-section-height-default\" data-id=\"40146e7\" data-element_type=\"section\" data-e-type=\"section\">\n\t\t\t\t\t\t<div class=\"elementor-container elementor-column-gap-default\">\n\t\t\t\t\t<div class=\"elementor-column elementor-col-100 elementor-top-column elementor-element elementor-element-70238c3\" data-id=\"70238c3\" data-element_type=\"column\" data-e-type=\"column\">\n\t\t\t<div class=\"elementor-widget-wrap elementor-element-populated\">\n\t\t\t\t\t\t<div class=\"elementor-element elementor-element-ce76fb9 elementor-widget elementor-widget-image\" data-id=\"ce76fb9\" data-element_type=\"widget\" data-e-type=\"widget\" data-widget_type=\"image.default\">\n\t\t\t\t<div class=\"elementor-widget-container\">\n\t\t\t\t\t\t\t\t\t\t\t\t\t\t\t<img loading=\"lazy\" decoding=\"async\" width=\"77\" height=\"71\" src=\"https:\/\/wastonchem.com\/wp-content\/uploads\/2023\/03\/\u7ec4-2028-1.png\" class=\"attachment-large size-large wp-image-25\" alt=\"\" \/>\t\t\t\t\t\t\t\t\t\t\t\t\t\t\t<\/div>\n\t\t\t\t<\/div>\n\t\t\t\t<div class=\"elementor-element elementor-element-41d2de1 elementor-widget elementor-widget-heading\" data-id=\"41d2de1\" data-element_type=\"widget\" data-e-type=\"widget\" data-widget_type=\"heading.default\">\n\t\t\t\t<div class=\"elementor-widget-container\">\n\t\t\t\t\t<h2 class=\"elementor-heading-title elementor-size-default\">Syst\u00e8me de gestion de la qualit\u00e9<\/h2>\t\t\t\t<\/div>\n\t\t\t\t<\/div>\n\t\t\t\t<div class=\"elementor-element elementor-element-ee812d6 elementor-widget elementor-widget-image\" data-id=\"ee812d6\" data-element_type=\"widget\" data-e-type=\"widget\" data-widget_type=\"image.default\">\n\t\t\t\t<div class=\"elementor-widget-container\">\n\t\t\t\t\t\t\t\t\t\t\t\t\t\t\t<img loading=\"lazy\" decoding=\"async\" width=\"1024\" height=\"532\" src=\"https:\/\/wastonchem.com\/wp-content\/uploads\/2023\/03\/\u7ec4-2048-1-1024x532.png\" class=\"attachment-large size-large wp-image-26\" alt=\"\" srcset=\"https:\/\/wastonchem.com\/wp-content\/uploads\/2023\/03\/\u7ec4-2048-1-1024x532.png 1024w, https:\/\/wastonchem.com\/wp-content\/uploads\/2023\/03\/\u7ec4-2048-1-300x156.png 300w, https:\/\/wastonchem.com\/wp-content\/uploads\/2023\/03\/\u7ec4-2048-1-768x399.png 768w, https:\/\/wastonchem.com\/wp-content\/uploads\/2023\/03\/\u7ec4-2048-1.png 1194w\" sizes=\"(max-width: 1024px) 100vw, 1024px\" \/>\t\t\t\t\t\t\t\t\t\t\t\t\t\t\t<\/div>\n\t\t\t\t<\/div>\n\t\t\t\t\t<\/div>\n\t\t<\/div>\n\t\t\t\t\t<\/div>\n\t\t<\/section>\n\t\t\t\t<\/div>","protected":false},"excerpt":{"rendered":"<p>Inspection du processus de production, contr\u00f4le de la qualit\u00e9 Waston Chem a un concept de gestion de la qualit\u00e9 avanc\u00e9, s'efforce de construire un excellent syst\u00e8me de contr\u00f4le de la qualit\u00e9, met en \u0153uvre le syst\u00e8me de gestion complet TQM de IQC, PQC et FQC\/OQC, s'appuie sur l'introduction et l'accumulation de la R &amp; D et de la technologie de production. Toutes les usines ont obtenu la certification du syst\u00e8me de gestion de la qualit\u00e9 ISO9001:2015. ...<\/p>\n<p class=\"read-more\"> <a class=\"\" href=\"https:\/\/wastonchem.com\/fr\/processus-de-production\/\"> <span class=\"screen-reader-text\">Gestion de la qualit\u00e9<\/span> Lire la suite \"<\/a><\/p>","protected":false},"author":1,"featured_media":0,"parent":0,"menu_order":0,"comment_status":"closed","ping_status":"closed","template":"","meta":{"site-sidebar-layout":"no-sidebar","site-content-layout":"page-builder","ast-global-header-display":"","ast-main-header-display":"","ast-hfb-above-header-display":"","ast-hfb-below-header-display":"","ast-hfb-mobile-header-display":"","site-post-title":"disabled","ast-breadcrumbs-content":"","ast-featured-img":"disabled","footer-sml-layout":"","theme-transparent-header-meta":"","adv-header-id-meta":"","stick-header-meta":"","header-above-stick-meta":"","header-main-stick-meta":"","header-below-stick-meta":"","footnotes":""},"class_list":["post-9","page","type-page","status-publish","hentry"],"_links":{"self":[{"href":"https:\/\/wastonchem.com\/fr\/wp-json\/wp\/v2\/pages\/9","targetHints":{"allow":["GET"]}}],"collection":[{"href":"https:\/\/wastonchem.com\/fr\/wp-json\/wp\/v2\/pages"}],"about":[{"href":"https:\/\/wastonchem.com\/fr\/wp-json\/wp\/v2\/types\/page"}],"author":[{"embeddable":true,"href":"https:\/\/wastonchem.com\/fr\/wp-json\/wp\/v2\/users\/1"}],"replies":[{"embeddable":true,"href":"https:\/\/wastonchem.com\/fr\/wp-json\/wp\/v2\/comments?post=9"}],"version-history":[{"count":12,"href":"https:\/\/wastonchem.com\/fr\/wp-json\/wp\/v2\/pages\/9\/revisions"}],"predecessor-version":[{"id":1007,"href":"https:\/\/wastonchem.com\/fr\/wp-json\/wp\/v2\/pages\/9\/revisions\/1007"}],"wp:attachment":[{"href":"https:\/\/wastonchem.com\/fr\/wp-json\/wp\/v2\/media?parent=9"}],"curies":[{"name":"wp","href":"https:\/\/api.w.org\/{rel}","templated":true}]}}